{"id":3707,"date":"2022-07-26T13:24:47","date_gmt":"2022-07-26T12:24:47","guid":{"rendered":"https:\/\/datazonesystems.com\/shop\/?post_type=product&#038;p=3707"},"modified":"2023-10-07T10:27:05","modified_gmt":"2023-10-07T09:27:05","slug":"msi-b450m-mortar-max","status":"publish","type":"product","link":"https:\/\/datazonesystems.dz\/shop\/product\/msi-b450m-mortar-max\/","title":{"rendered":"MSI B450M MORTAR MAX"},"content":{"rendered":"<p><a href=\"https:\/\/fr.msi.com\/Motherboard\/B450M-MORTAR-MAX\">https:\/\/fr.msi.com\/Motherboard\/B450M-MORTAR-MAX<\/a><\/p>\n","protected":false},"excerpt":{"rendered":"<ul>\n<li><strong>Socket AMD AM4<\/strong>\u00a0pour processeur\u00a0<strong>AMD Ryzen\u00a0<\/strong>(1\u00e8re \u00e0 3\u00e8me g\u00e9n\u00e9ration)<strong>\u00a0<\/strong>et\u00a0<strong>Athlon GE<\/strong><\/li>\n<li>4 Slots m\u00e9moire DDR4 4133 MHz (OC) Dual-Channel (capacit\u00e9 totale : 64 Go)<\/li>\n<li>4 ports\u00a0SATA 6Gbit\/s + 1x M.2 PCIe 3.0 4x NVMe \/ SATA 6Gbit\/s + 1\u00a0M.2 PCIe 2.0 4x NVMe \/ SATA 6Gbit\/s<\/li>\n<li>1 port PCI-Express 3.0 16x\u00a0+ 1 port PCI-Express 2.0 16x (4x) compatible multi-GPU AMD CrossFireX<\/li>\n<li>Audio Boost pour une qualit\u00e9 audio r\u00e9aliste et immersive<\/li>\n<li>Ports USB 3.1<\/li>\n<li>2 connecteurs LED RGB<\/li>\n<li>Compatible avec la technologie Mysthic Light<\/li>\n<li>Format micro-ATX<\/li>\n<li><\/li>\n<\/ul>\n<p><img loading=\"lazy\" decoding=\"async\" class=\"wp-image-3066 size-thumbnail alignleft\" src=\"https:\/\/datazonesystems.dz\/shop\/wp-content\/uploads\/2021\/05\/ryzen-logo-1-150x150.png\" alt=\"\" width=\"150\" height=\"150\" \/><\/p>\n<p><img loading=\"lazy\" decoding=\"async\" class=\"alignnone wp-image-3687 size-medium\" src=\"https:\/\/datazonesystems.dz\/shop\/wp-content\/uploads\/2022\/07\/MSI-Logo-300x170.png\" alt=\"\" width=\"300\" height=\"170\" \/><\/p>\n<p>&nbsp;<\/p>\n","protected":false},"featured_media":3708,"comment_status":"open","ping_status":"closed","template":"","meta":[],"product_cat":[103,101,16,21],"product_tag":[],"class_list":["post-3707","product","type-product","status-publish","has-post-thumbnail","hentry","product_cat-amd","product_cat-special-offer","product_cat-composants-pc","product_cat-carte-mere"],"_links":{"self":[{"href":"https:\/\/datazonesystems.dz\/shop\/wp-json\/wp\/v2\/product\/3707","targetHints":{"allow":["GET"]}}],"collection":[{"href":"https:\/\/datazonesystems.dz\/shop\/wp-json\/wp\/v2\/product"}],"about":[{"href":"https:\/\/datazonesystems.dz\/shop\/wp-json\/wp\/v2\/types\/product"}],"replies":[{"embeddable":true,"href":"https:\/\/datazonesystems.dz\/shop\/wp-json\/wp\/v2\/comments?post=3707"}],"wp:featuredmedia":[{"embeddable":true,"href":"https:\/\/datazonesystems.dz\/shop\/wp-json\/wp\/v2\/media\/3708"}],"wp:attachment":[{"href":"https:\/\/datazonesystems.dz\/shop\/wp-json\/wp\/v2\/media?parent=3707"}],"wp:term":[{"taxonomy":"product_cat","embeddable":true,"href":"https:\/\/datazonesystems.dz\/shop\/wp-json\/wp\/v2\/product_cat?post=3707"},{"taxonomy":"product_tag","embeddable":true,"href":"https:\/\/datazonesystems.dz\/shop\/wp-json\/wp\/v2\/product_tag?post=3707"}],"curies":[{"name":"wp","href":"https:\/\/api.w.org\/{rel}","templated":true}]}}