{"id":3352,"date":"2021-05-31T21:35:41","date_gmt":"2021-05-31T20:35:41","guid":{"rendered":"https:\/\/datazonesystems.com\/shop\/?post_type=product&#038;p=3352"},"modified":"2026-03-26T14:18:23","modified_gmt":"2026-03-26T13:18:23","slug":"asrock-h310cm-hdv-m-2","status":"publish","type":"product","link":"https:\/\/datazonesystems.dz\/shop\/product\/asrock-h310cm-hdv-m-2\/","title":{"rendered":"ASRock H310CM-HDV\/M.2"},"content":{"rendered":"","protected":false},"excerpt":{"rendered":"<ul>\n<li>Prise en charge des processeurs Intel<sup>\u00ae<\/sup>\u00a0Core\u2122de 9\u00e8me et 8\u00e8me g\u00e9n\u00e9ration (Socket 1151)<\/li>\n<li>Supporte DDR4 2666<\/li>\n<li>1 PCIe 3.0 x16, 2 PCIe 2.0 x1<\/li>\n<li>AMD Quad CrossFireX\u2122<\/li>\n<li>Sorties graphiques disponibles: HDMI, DVI-D, D-Sub<\/li>\n<li>l&#8217;audio 7.1 CH HD (Codec l&#8217;audio Realtek ALC887), Condensateurs l&#8217;audio ELNA<\/li>\n<li>4 SATA3, 1 M.2 (PCIe Gen2 x4 &amp; SATA3)<\/li>\n<li>4 USB 3.1 Gen1 (2 en fa\u00e7ade, 2 l&#8217;arri\u00e8re)<\/li>\n<li>Intel<sup>\u00ae<\/sup>\u00a0LAN Gigabit<\/li>\n<\/ul>\n<p><img loading=\"lazy\" decoding=\"async\" class=\"wp-image-3058 size-thumbnail alignright\" src=\"https:\/\/datazonesystems.dz\/shop\/wp-content\/uploads\/2021\/05\/ASRock-logo-150x150.png\" alt=\"\" width=\"150\" height=\"150\" \/><\/p>\n<p><img loading=\"lazy\" decoding=\"async\" class=\"wp-image-3063 size-thumbnail alignright\" src=\"https:\/\/datazonesystems.dz\/shop\/wp-content\/uploads\/2021\/05\/intel-150x150.png\" alt=\"\" width=\"150\" height=\"150\" \/><\/p>\n<div id=\"briefDesc\">\n<p><img loading=\"lazy\" decoding=\"async\" class=\"size-full wp-image-3267 alignright\" src=\"https:\/\/datazonesystems.dz\/shop\/wp-content\/uploads\/2021\/05\/PAIM-1.jpg\" alt=\"\" width=\"334\" height=\"151\" \/><\/p>\n<\/div>\n","protected":false},"featured_media":3353,"comment_status":"open","ping_status":"closed","template":"","meta":[],"product_cat":[105,102,16,21],"product_tag":[],"class_list":["post-3352","product","type-product","status-publish","has-post-thumbnail","hentry","product_cat-coin-asrock","product_cat-intel","product_cat-composants-pc","product_cat-carte-mere"],"_links":{"self":[{"href":"https:\/\/datazonesystems.dz\/shop\/wp-json\/wp\/v2\/product\/3352","targetHints":{"allow":["GET"]}}],"collection":[{"href":"https:\/\/datazonesystems.dz\/shop\/wp-json\/wp\/v2\/product"}],"about":[{"href":"https:\/\/datazonesystems.dz\/shop\/wp-json\/wp\/v2\/types\/product"}],"replies":[{"embeddable":true,"href":"https:\/\/datazonesystems.dz\/shop\/wp-json\/wp\/v2\/comments?post=3352"}],"wp:featuredmedia":[{"embeddable":true,"href":"https:\/\/datazonesystems.dz\/shop\/wp-json\/wp\/v2\/media\/3353"}],"wp:attachment":[{"href":"https:\/\/datazonesystems.dz\/shop\/wp-json\/wp\/v2\/media?parent=3352"}],"wp:term":[{"taxonomy":"product_cat","embeddable":true,"href":"https:\/\/datazonesystems.dz\/shop\/wp-json\/wp\/v2\/product_cat?post=3352"},{"taxonomy":"product_tag","embeddable":true,"href":"https:\/\/datazonesystems.dz\/shop\/wp-json\/wp\/v2\/product_tag?post=3352"}],"curies":[{"name":"wp","href":"https:\/\/api.w.org\/{rel}","templated":true}]}}