{"id":3286,"date":"2021-05-30T15:14:25","date_gmt":"2021-05-30T14:14:25","guid":{"rendered":"https:\/\/datazonesystems.com\/shop\/?post_type=product&#038;p=3286"},"modified":"2023-10-06T19:35:24","modified_gmt":"2023-10-06T18:35:24","slug":"a520m-phantom-gaming-4","status":"publish","type":"product","link":"https:\/\/datazonesystems.dz\/shop\/product\/a520m-phantom-gaming-4\/","title":{"rendered":"A520M Phantom Gaming 4"},"content":{"rendered":"<h1>Dual M.2 pour le SSD<\/h1>\n<h3>Une interface PCIe Gen3 x4 Ultra M.2 qui offre des taux de transfert de donn\u00e9es jusqu&#8217;\u00e0 32Gb\/s. L&#8217;autre interface prend en charge les modules PCIe Gen3 x2 et SATA3 M.2.<\/h3>\n<div><img loading=\"lazy\" decoding=\"async\" class=\"alignnone size-full wp-image-3291\" src=\"https:\/\/datazonesystems.dz\/shop\/wp-content\/uploads\/2021\/05\/DualM2-SSD-A520M-Phantom-Gaming-4.jpg\" alt=\"\" width=\"1920\" height=\"808\" srcset=\"https:\/\/datazonesystems.dz\/shop\/wp-content\/uploads\/2021\/05\/DualM2-SSD-A520M-Phantom-Gaming-4.jpg 1920w, https:\/\/datazonesystems.dz\/shop\/wp-content\/uploads\/2021\/05\/DualM2-SSD-A520M-Phantom-Gaming-4-1024x431.jpg 1024w, https:\/\/datazonesystems.dz\/shop\/wp-content\/uploads\/2021\/05\/DualM2-SSD-A520M-Phantom-Gaming-4-768x323.jpg 768w, https:\/\/datazonesystems.dz\/shop\/wp-content\/uploads\/2021\/05\/DualM2-SSD-A520M-Phantom-Gaming-4-1536x646.jpg 1536w, https:\/\/datazonesystems.dz\/shop\/wp-content\/uploads\/2021\/05\/DualM2-SSD-A520M-Phantom-Gaming-4-640x269.jpg 640w, https:\/\/datazonesystems.dz\/shop\/wp-content\/uploads\/2021\/05\/DualM2-SSD-A520M-Phantom-Gaming-4-400x168.jpg 400w, https:\/\/datazonesystems.dz\/shop\/wp-content\/uploads\/2021\/05\/DualM2-SSD-A520M-Phantom-Gaming-4-600x253.jpg 600w\" sizes=\"auto, (max-width: 1920px) 100vw, 1920px\" \/><\/div>\n<div>\n<h1>Sorties pour double affichage<\/h1>\n<h3 class=\"Context\">Les connecteurs les plus utilis\u00e9s sont pr\u00e9sents ! Avec un combo HDMI + DisplayPort, vous disposez des sorties graphiques les plus courantes.<\/h3>\n<div><img loading=\"lazy\" decoding=\"async\" class=\"alignnone size-full wp-image-3294\" src=\"https:\/\/datazonesystems.dz\/shop\/wp-content\/uploads\/2021\/05\/DualGraphicsOutputs-HDMIDP.jpg\" alt=\"\" width=\"1920\" height=\"900\" srcset=\"https:\/\/datazonesystems.dz\/shop\/wp-content\/uploads\/2021\/05\/DualGraphicsOutputs-HDMIDP.jpg 1920w, https:\/\/datazonesystems.dz\/shop\/wp-content\/uploads\/2021\/05\/DualGraphicsOutputs-HDMIDP-1024x480.jpg 1024w, https:\/\/datazonesystems.dz\/shop\/wp-content\/uploads\/2021\/05\/DualGraphicsOutputs-HDMIDP-768x360.jpg 768w, https:\/\/datazonesystems.dz\/shop\/wp-content\/uploads\/2021\/05\/DualGraphicsOutputs-HDMIDP-1536x720.jpg 1536w, https:\/\/datazonesystems.dz\/shop\/wp-content\/uploads\/2021\/05\/DualGraphicsOutputs-HDMIDP-640x300.jpg 640w, https:\/\/datazonesystems.dz\/shop\/wp-content\/uploads\/2021\/05\/DualGraphicsOutputs-HDMIDP-400x188.jpg 400w, https:\/\/datazonesystems.dz\/shop\/wp-content\/uploads\/2021\/05\/DualGraphicsOutputs-HDMIDP-600x281.jpg 600w\" sizes=\"auto, (max-width: 1920px) 100vw, 1920px\" \/><\/div>\n<h1>\u00a0Conception \u00e0 8 phases d\u2019alimentation<\/h1>\n<h3 class=\"Context\">Composants r\u00e9sistants et alimentation totalement fluide du processeur. Performances accrues avec temp\u00e9rature de fonctionnement ma\u00eetris\u00e9e, au service des joueurs les plus exigeants.<\/h3>\n<div><img loading=\"lazy\" decoding=\"async\" class=\"alignnone size-full wp-image-3293\" src=\"https:\/\/datazonesystems.dz\/shop\/wp-content\/uploads\/2021\/05\/Keyimage-A520ReadyforRyzen.fr_.jpg\" alt=\"\" width=\"1920\" height=\"700\" srcset=\"https:\/\/datazonesystems.dz\/shop\/wp-content\/uploads\/2021\/05\/Keyimage-A520ReadyforRyzen.fr_.jpg 1920w, https:\/\/datazonesystems.dz\/shop\/wp-content\/uploads\/2021\/05\/Keyimage-A520ReadyforRyzen.fr_-1024x373.jpg 1024w, https:\/\/datazonesystems.dz\/shop\/wp-content\/uploads\/2021\/05\/Keyimage-A520ReadyforRyzen.fr_-768x280.jpg 768w, https:\/\/datazonesystems.dz\/shop\/wp-content\/uploads\/2021\/05\/Keyimage-A520ReadyforRyzen.fr_-1536x560.jpg 1536w, https:\/\/datazonesystems.dz\/shop\/wp-content\/uploads\/2021\/05\/Keyimage-A520ReadyforRyzen.fr_-640x233.jpg 640w, https:\/\/datazonesystems.dz\/shop\/wp-content\/uploads\/2021\/05\/Keyimage-A520ReadyforRyzen.fr_-400x146.jpg 400w, https:\/\/datazonesystems.dz\/shop\/wp-content\/uploads\/2021\/05\/Keyimage-A520ReadyforRyzen.fr_-600x219.jpg 600w\" sizes=\"auto, (max-width: 1920px) 100vw, 1920px\" \/><\/div>\n<div>\n<h1>HDMI 4k @60Hz<\/h1>\n<h3 class=\"Context\">Compatible avec la norme HDMI 4K 60Hz. Plus de bande passante et un frame rate accru pour encore plus de nettet\u00e9 et de fluidit\u00e9 du rendu graphique.<\/h3>\n<div><img loading=\"lazy\" decoding=\"async\" class=\"alignnone size-full wp-image-3295\" src=\"https:\/\/datazonesystems.dz\/shop\/wp-content\/uploads\/2021\/05\/HDMI4K@60hz.jpg\" alt=\"\" width=\"1920\" height=\"580\" srcset=\"https:\/\/datazonesystems.dz\/shop\/wp-content\/uploads\/2021\/05\/HDMI4K@60hz.jpg 1920w, https:\/\/datazonesystems.dz\/shop\/wp-content\/uploads\/2021\/05\/HDMI4K@60hz-1024x309.jpg 1024w, https:\/\/datazonesystems.dz\/shop\/wp-content\/uploads\/2021\/05\/HDMI4K@60hz-768x232.jpg 768w, https:\/\/datazonesystems.dz\/shop\/wp-content\/uploads\/2021\/05\/HDMI4K@60hz-1536x464.jpg 1536w, https:\/\/datazonesystems.dz\/shop\/wp-content\/uploads\/2021\/05\/HDMI4K@60hz-640x193.jpg 640w, https:\/\/datazonesystems.dz\/shop\/wp-content\/uploads\/2021\/05\/HDMI4K@60hz-400x121.jpg 400w, https:\/\/datazonesystems.dz\/shop\/wp-content\/uploads\/2021\/05\/HDMI4K@60hz-600x181.jpg 600w\" sizes=\"auto, (max-width: 1920px) 100vw, 1920px\" \/><\/div>\n<\/div>\n<\/div>\n","protected":false},"excerpt":{"rendered":"<div class=\"Remark\">\n<ul>\n<li>Prise en charge des processeurs de bureau AMD Socket AM4 Ryzen\u2122 3000, 4000 G-Series et 5000 Series*<\/li>\n<li>Conception avec 8 phases de puissance et Digi Puissance<\/li>\n<li>Supporte DDR4 4733+ (OC)<\/li>\n<li>2 x PCIe 3.0 x16, 1 x PCIe 3.0 x1<\/li>\n<li>Sorties graphiques disponibles: HDMI, DisplayPort<\/li>\n<li>l&#8217;audio 7.1 CH HD (Realtek ALC887\/897 l&#8217;audio Codec)<\/li>\n<li>4 x SATA3, 1 x Ultra M.2 (PCIe Gen3 x4),<\/li>\n<li>1 x M.2 (PCIe Gen3 x2 &amp; SATA3)<\/li>\n<li>6 x USB 3.2 Gen1 (2 en fa\u00e7ade, 4 l&#8217;arri\u00e8re)<\/li>\n<li>6 x USB 2.0 (4 en fa\u00e7ade, 2 l&#8217;arri\u00e8re)<\/li>\n<li>Realtek LAN Gigabit\n<div class=\"Remark\">*Not Compatible avec tous les AMD Ryzen\u2122 5 3400G et Ryzen\u2122 3 3200G.<\/div>\n<\/li>\n<\/ul>\n<\/div>\n<p><img loading=\"lazy\" decoding=\"async\" class=\"wp-image-3066 size-thumbnail alignright\" src=\"https:\/\/datazonesystems.dz\/shop\/wp-content\/uploads\/2021\/05\/ryzen-logo-1-150x150.png\" alt=\"\" width=\"150\" height=\"150\" \/><\/p>\n<p><img loading=\"lazy\" decoding=\"async\" class=\"wp-image-3058 size-thumbnail alignright\" src=\"https:\/\/datazonesystems.dz\/shop\/wp-content\/uploads\/2021\/05\/ASRock-logo-150x150.png\" alt=\"\" width=\"150\" height=\"150\" \/><\/p>\n<p><img loading=\"lazy\" decoding=\"async\" class=\"wp-image-3284 size-medium alignright\" src=\"https:\/\/datazonesystems.dz\/shop\/wp-content\/uploads\/2019\/08\/BIMD-300x132.png\" alt=\"\" width=\"300\" height=\"132\" \/><\/p>\n","protected":false},"featured_media":3287,"comment_status":"open","ping_status":"closed","template":"","meta":[],"product_cat":[103,105,16,21],"product_tag":[],"class_list":["post-3286","product","type-product","status-publish","has-post-thumbnail","hentry","product_cat-amd","product_cat-coin-asrock","product_cat-composants-pc","product_cat-carte-mere"],"_links":{"self":[{"href":"https:\/\/datazonesystems.dz\/shop\/wp-json\/wp\/v2\/product\/3286","targetHints":{"allow":["GET"]}}],"collection":[{"href":"https:\/\/datazonesystems.dz\/shop\/wp-json\/wp\/v2\/product"}],"about":[{"href":"https:\/\/datazonesystems.dz\/shop\/wp-json\/wp\/v2\/types\/product"}],"replies":[{"embeddable":true,"href":"https:\/\/datazonesystems.dz\/shop\/wp-json\/wp\/v2\/comments?post=3286"}],"wp:featuredmedia":[{"embeddable":true,"href":"https:\/\/datazonesystems.dz\/shop\/wp-json\/wp\/v2\/media\/3287"}],"wp:attachment":[{"href":"https:\/\/datazonesystems.dz\/shop\/wp-json\/wp\/v2\/media?parent=3286"}],"wp:term":[{"taxonomy":"product_cat","embeddable":true,"href":"https:\/\/datazonesystems.dz\/shop\/wp-json\/wp\/v2\/product_cat?post=3286"},{"taxonomy":"product_tag","embeddable":true,"href":"https:\/\/datazonesystems.dz\/shop\/wp-json\/wp\/v2\/product_tag?post=3286"}],"curies":[{"name":"wp","href":"https:\/\/api.w.org\/{rel}","templated":true}]}}