{"id":162,"date":"2019-08-08T12:58:59","date_gmt":"2019-08-08T11:58:59","guid":{"rendered":"http:\/\/sw-themes.com\/porto_dummy\/?post_type=product&#038;p=162"},"modified":"2023-10-07T10:20:47","modified_gmt":"2023-10-07T09:20:47","slug":"asrock-b550m-hdv","status":"publish","type":"product","link":"https:\/\/datazonesystems.dz\/shop\/product\/asrock-b550m-hdv\/","title":{"rendered":"ASRock B550M-HDV"},"content":{"rendered":"<h1><img loading=\"lazy\" decoding=\"async\" class=\"alignnone size-full wp-image-3297\" src=\"https:\/\/datazonesystems.dz\/shop\/wp-content\/uploads\/2019\/08\/Keyimage-B550ReadyforRyzen.jpg\" alt=\"\" width=\"1920\" height=\"700\" srcset=\"https:\/\/datazonesystems.dz\/shop\/wp-content\/uploads\/2019\/08\/Keyimage-B550ReadyforRyzen.jpg 1920w, https:\/\/datazonesystems.dz\/shop\/wp-content\/uploads\/2019\/08\/Keyimage-B550ReadyforRyzen-1024x373.jpg 1024w, https:\/\/datazonesystems.dz\/shop\/wp-content\/uploads\/2019\/08\/Keyimage-B550ReadyforRyzen-768x280.jpg 768w, https:\/\/datazonesystems.dz\/shop\/wp-content\/uploads\/2019\/08\/Keyimage-B550ReadyforRyzen-1536x560.jpg 1536w, https:\/\/datazonesystems.dz\/shop\/wp-content\/uploads\/2019\/08\/Keyimage-B550ReadyforRyzen-640x233.jpg 640w, https:\/\/datazonesystems.dz\/shop\/wp-content\/uploads\/2019\/08\/Keyimage-B550ReadyforRyzen-400x146.jpg 400w, https:\/\/datazonesystems.dz\/shop\/wp-content\/uploads\/2019\/08\/Keyimage-B550ReadyforRyzen-600x219.jpg 600w\" sizes=\"auto, (max-width: 1920px) 100vw, 1920px\" \/><\/h1>\n<h1>Hyper M.2 (PCIe Gen4 x4)<\/h1>\n<h3 class=\"Context\">Prise en charge des SSDs M.2 PCI Express 4.0 de nouvelle g\u00e9n\u00e9ration avec un niveau de performance deux fois sup\u00e9rieur \u00e0 celui des produits de 3\u00e8me g\u00e9n\u00e9ration pour des transferts de donn\u00e9es ultra-rapides.<img loading=\"lazy\" decoding=\"async\" class=\"alignnone size-full wp-image-3298\" src=\"https:\/\/datazonesystems.dz\/shop\/wp-content\/uploads\/2019\/08\/UltraM2-B550M-HDV.jpg\" alt=\"\" width=\"1920\" height=\"808\" srcset=\"https:\/\/datazonesystems.dz\/shop\/wp-content\/uploads\/2019\/08\/UltraM2-B550M-HDV.jpg 1920w, https:\/\/datazonesystems.dz\/shop\/wp-content\/uploads\/2019\/08\/UltraM2-B550M-HDV-1024x431.jpg 1024w, https:\/\/datazonesystems.dz\/shop\/wp-content\/uploads\/2019\/08\/UltraM2-B550M-HDV-768x323.jpg 768w, https:\/\/datazonesystems.dz\/shop\/wp-content\/uploads\/2019\/08\/UltraM2-B550M-HDV-1536x646.jpg 1536w, https:\/\/datazonesystems.dz\/shop\/wp-content\/uploads\/2019\/08\/UltraM2-B550M-HDV-640x269.jpg 640w, https:\/\/datazonesystems.dz\/shop\/wp-content\/uploads\/2019\/08\/UltraM2-B550M-HDV-400x168.jpg 400w, https:\/\/datazonesystems.dz\/shop\/wp-content\/uploads\/2019\/08\/UltraM2-B550M-HDV-600x253.jpg 600w\" sizes=\"auto, (max-width: 1920px) 100vw, 1920px\" \/><\/h3>\n<h1>Technologie AMD StoreMI<\/h1>\n<h3 class=\"Context\">Un outil puissant qui combine la vitesse de votre SSD avec la capacit\u00e9 de votre disque dur en un seul support, rapide et facile \u00e0 g\u00e9rer. Les SSDs sont rapides, mais co\u00fbteux et offrent une capacit\u00e9 limit\u00e9e. Les disques durs m\u00e9caniques proposent une grande capacit\u00e9 pour un tarif plus raisonnable, mais sont beaucoup plus lents qu&#8217;un SSD. La technologie\u00a0<a href=\"https:\/\/www.amd.com\/en\/technologies\/store-mi\" target=\"_blank\" rel=\"noopener\">AMD StoreMI<\/a>\u00a0combine ces deux types de stockage en un seul lecteur et d\u00e9place automatiquement les donn\u00e9es auxquelles vous acc\u00e9dez le plus souvent vers le SSD. Vous obtenez ainsi le meilleur des deux mondes : La r\u00e9activit\u00e9 du SSD et la capacit\u00e9 du disque dur m\u00e9canique.<img loading=\"lazy\" decoding=\"async\" class=\"alignnone size-full wp-image-3299\" src=\"https:\/\/datazonesystems.dz\/shop\/wp-content\/uploads\/2019\/08\/StoreMI.jpg\" alt=\"\" width=\"1920\" height=\"900\" srcset=\"https:\/\/datazonesystems.dz\/shop\/wp-content\/uploads\/2019\/08\/StoreMI.jpg 1920w, https:\/\/datazonesystems.dz\/shop\/wp-content\/uploads\/2019\/08\/StoreMI-1024x480.jpg 1024w, https:\/\/datazonesystems.dz\/shop\/wp-content\/uploads\/2019\/08\/StoreMI-768x360.jpg 768w, https:\/\/datazonesystems.dz\/shop\/wp-content\/uploads\/2019\/08\/StoreMI-1536x720.jpg 1536w, https:\/\/datazonesystems.dz\/shop\/wp-content\/uploads\/2019\/08\/StoreMI-640x300.jpg 640w, https:\/\/datazonesystems.dz\/shop\/wp-content\/uploads\/2019\/08\/StoreMI-400x188.jpg 400w, https:\/\/datazonesystems.dz\/shop\/wp-content\/uploads\/2019\/08\/StoreMI-600x281.jpg 600w\" sizes=\"auto, (max-width: 1920px) 100vw, 1920px\" \/><\/h3>\n","protected":false},"excerpt":{"rendered":"<ul>\n<li>Prise en charge des processeurs de bureau AMD Socket AM4 Ryzen\u2122 3000, 4000 G-Series et 5000 Series*<\/li>\n<li>6 phase de puissance<\/li>\n<li>Supporte DDR4 4733+ (OC)<\/li>\n<li>1 PCIe 4.0 x16, 1 PCIe 3.0 x1<\/li>\n<li>Sorties graphiques disponibles: HDMI, DVI-D, D-Sub<\/li>\n<li>l&#8217;audio 7.1 CH HD (Codec l&#8217;audio Realtek ALC887)<\/li>\n<li>4 SATA3, 1 Hyper M.2 (PCIe Gen4 x4 &amp; SATA3)<\/li>\n<li>6 USB 3.2 Gen1 (2 en fa\u00e7ade, 4 l&#8217;arri\u00e8re)<\/li>\n<li>LAN Gigabit\n<div class=\"Remark\">*Not Compatible avec tous les AMD Ryzen\u2122 5 3400G et Ryzen\u2122 3 3200G.<\/div>\n<\/li>\n<\/ul>\n<p><img loading=\"lazy\" decoding=\"async\" class=\"wp-image-3058 size-thumbnail alignright\" src=\"https:\/\/datazonesystems.dz\/shop\/wp-content\/uploads\/2021\/05\/ASRock-logo-150x150.png\" alt=\"\" width=\"150\" height=\"150\" \/><\/p>\n<p><img loading=\"lazy\" decoding=\"async\" class=\"wp-image-3066 size-thumbnail alignright\" src=\"https:\/\/datazonesystems.dz\/shop\/wp-content\/uploads\/2021\/05\/ryzen-logo-1-150x150.png\" alt=\"\" width=\"150\" height=\"150\" \/><\/p>\n<p><img loading=\"lazy\" decoding=\"async\" class=\"size-full wp-image-3284 alignright\" src=\"https:\/\/datazonesystems.dz\/shop\/wp-content\/uploads\/2019\/08\/BIMD.png\" alt=\"\" width=\"344\" height=\"151\" \/><\/p>\n","protected":false},"featured_media":912,"comment_status":"open","ping_status":"closed","template":"","meta":[],"product_cat":[103,105,16,21],"product_tag":[],"class_list":["post-162","product","type-product","status-publish","has-post-thumbnail","hentry","product_cat-amd","product_cat-coin-asrock","product_cat-composants-pc","product_cat-carte-mere"],"_links":{"self":[{"href":"https:\/\/datazonesystems.dz\/shop\/wp-json\/wp\/v2\/product\/162","targetHints":{"allow":["GET"]}}],"collection":[{"href":"https:\/\/datazonesystems.dz\/shop\/wp-json\/wp\/v2\/product"}],"about":[{"href":"https:\/\/datazonesystems.dz\/shop\/wp-json\/wp\/v2\/types\/product"}],"replies":[{"embeddable":true,"href":"https:\/\/datazonesystems.dz\/shop\/wp-json\/wp\/v2\/comments?post=162"}],"wp:featuredmedia":[{"embeddable":true,"href":"https:\/\/datazonesystems.dz\/shop\/wp-json\/wp\/v2\/media\/912"}],"wp:attachment":[{"href":"https:\/\/datazonesystems.dz\/shop\/wp-json\/wp\/v2\/media?parent=162"}],"wp:term":[{"taxonomy":"product_cat","embeddable":true,"href":"https:\/\/datazonesystems.dz\/shop\/wp-json\/wp\/v2\/product_cat?post=162"},{"taxonomy":"product_tag","embeddable":true,"href":"https:\/\/datazonesystems.dz\/shop\/wp-json\/wp\/v2\/product_tag?post=162"}],"curies":[{"name":"wp","href":"https:\/\/api.w.org\/{rel}","templated":true}]}}