{"id":160,"date":"2019-08-08T12:57:00","date_gmt":"2019-08-08T11:57:00","guid":{"rendered":"http:\/\/sw-themes.com\/porto_dummy\/?post_type=product&#038;p=160"},"modified":"2023-10-07T10:21:02","modified_gmt":"2023-10-07T09:21:02","slug":"asrock-b550m-pro4","status":"publish","type":"product","link":"https:\/\/datazonesystems.dz\/shop\/product\/asrock-b550m-pro4\/","title":{"rendered":"ASROCK B550M PRO4"},"content":{"rendered":"<div class=\"BigFeature BigFeatureCust top-5\">\n<div class=\"wide-60-1 right\">\n<h1>L\u2019HEURE DES CARTES M\u00c8RES B550 EST VENUE<\/h1>\n<h3>Tout ce dont vous avez besoin pour votre configuration<img loading=\"lazy\" decoding=\"async\" class=\"alignnone size-full wp-image-3302\" src=\"https:\/\/datazonesystems.dz\/shop\/wp-content\/uploads\/2019\/08\/Keyimage-B550ReadyforRyzen-1.jpg\" alt=\"\" width=\"1920\" height=\"700\" srcset=\"https:\/\/datazonesystems.dz\/shop\/wp-content\/uploads\/2019\/08\/Keyimage-B550ReadyforRyzen-1.jpg 1920w, https:\/\/datazonesystems.dz\/shop\/wp-content\/uploads\/2019\/08\/Keyimage-B550ReadyforRyzen-1-1024x373.jpg 1024w, https:\/\/datazonesystems.dz\/shop\/wp-content\/uploads\/2019\/08\/Keyimage-B550ReadyforRyzen-1-768x280.jpg 768w, https:\/\/datazonesystems.dz\/shop\/wp-content\/uploads\/2019\/08\/Keyimage-B550ReadyforRyzen-1-1536x560.jpg 1536w, https:\/\/datazonesystems.dz\/shop\/wp-content\/uploads\/2019\/08\/Keyimage-B550ReadyforRyzen-1-640x233.jpg 640w, https:\/\/datazonesystems.dz\/shop\/wp-content\/uploads\/2019\/08\/Keyimage-B550ReadyforRyzen-1-400x146.jpg 400w, https:\/\/datazonesystems.dz\/shop\/wp-content\/uploads\/2019\/08\/Keyimage-B550ReadyforRyzen-1-600x219.jpg 600w\" sizes=\"auto, (max-width: 1920px) 100vw, 1920px\" \/>Nahimic Audio<\/h3>\n<h3 class=\"Context\">Que vous utilisiez un casque audio, des haut-parleurs externes ou internes, via une interface USB, en liaison Wi-Fi, en passant par une sortie analogique ou m\u00eame HDMI, Nahimic Audio vous garantit l\u2019exp\u00e9rience d&#8217;\u00e9coute la plus agr\u00e9able, la plus vibrante et la plus riche en d\u00e9tails.<\/h3>\n<p><img loading=\"lazy\" decoding=\"async\" class=\"alignnone size-full wp-image-3303\" src=\"https:\/\/datazonesystems.dz\/shop\/wp-content\/uploads\/2019\/08\/Nahimic-Audio.jpg\" alt=\"\" width=\"1920\" height=\"900\" srcset=\"https:\/\/datazonesystems.dz\/shop\/wp-content\/uploads\/2019\/08\/Nahimic-Audio.jpg 1920w, https:\/\/datazonesystems.dz\/shop\/wp-content\/uploads\/2019\/08\/Nahimic-Audio-1024x480.jpg 1024w, https:\/\/datazonesystems.dz\/shop\/wp-content\/uploads\/2019\/08\/Nahimic-Audio-768x360.jpg 768w, https:\/\/datazonesystems.dz\/shop\/wp-content\/uploads\/2019\/08\/Nahimic-Audio-1536x720.jpg 1536w, https:\/\/datazonesystems.dz\/shop\/wp-content\/uploads\/2019\/08\/Nahimic-Audio-640x300.jpg 640w, https:\/\/datazonesystems.dz\/shop\/wp-content\/uploads\/2019\/08\/Nahimic-Audio-400x188.jpg 400w, https:\/\/datazonesystems.dz\/shop\/wp-content\/uploads\/2019\/08\/Nahimic-Audio-600x281.jpg 600w\" sizes=\"auto, (max-width: 1920px) 100vw, 1920px\" \/><\/p>\n<h1>\u00c9CLAIREZ VOTRE PROPRE CHEMIN &#8211; POLYCHROME RGB<\/h1>\n<h3 class=\"Context\">Cette carte m\u00e8re dispose de connecteurs RGB int\u00e9gr\u00e9s et d&#8217;un connecteur RGB adressable qui permettent de connecter la carte m\u00e8re \u00e0 des p\u00e9riph\u00e9riques LED compatibles tels que des bandeaux LED, les ventilateurs CPU, les refroidisseurs, les ch\u00e2ssis etc&#8230;. Les utilisateurs peuvent \u00e9galement synchroniser les dispositifs LED RGB \u00e0 travers les accessoires certifi\u00e9s <a href=\"https:\/\/www.asrock.com\/microsite\/PolyChromeRGB\/index.fr.asp\">Polychrome RGB Sync<\/a> pour cr\u00e9er des effets lumineux uniques.<\/h3>\n<h3 class=\"Context\"><img loading=\"lazy\" decoding=\"async\" class=\"alignnone size-full wp-image-3304\" src=\"https:\/\/datazonesystems.dz\/shop\/wp-content\/uploads\/2019\/08\/POLYRGBLED-B550M-Pro4.fr_.jpg\" alt=\"\" width=\"1920\" height=\"1027\" srcset=\"https:\/\/datazonesystems.dz\/shop\/wp-content\/uploads\/2019\/08\/POLYRGBLED-B550M-Pro4.fr_.jpg 1920w, https:\/\/datazonesystems.dz\/shop\/wp-content\/uploads\/2019\/08\/POLYRGBLED-B550M-Pro4.fr_-1024x548.jpg 1024w, https:\/\/datazonesystems.dz\/shop\/wp-content\/uploads\/2019\/08\/POLYRGBLED-B550M-Pro4.fr_-768x411.jpg 768w, https:\/\/datazonesystems.dz\/shop\/wp-content\/uploads\/2019\/08\/POLYRGBLED-B550M-Pro4.fr_-1536x822.jpg 1536w, https:\/\/datazonesystems.dz\/shop\/wp-content\/uploads\/2019\/08\/POLYRGBLED-B550M-Pro4.fr_-640x342.jpg 640w, https:\/\/datazonesystems.dz\/shop\/wp-content\/uploads\/2019\/08\/POLYRGBLED-B550M-Pro4.fr_-400x214.jpg 400w, https:\/\/datazonesystems.dz\/shop\/wp-content\/uploads\/2019\/08\/POLYRGBLED-B550M-Pro4.fr_-600x321.jpg 600w\" sizes=\"auto, (max-width: 1920px) 100vw, 1920px\" \/><\/h3>\n<div class=\"BigFeature FeatureRight\">\n<h1>UNE SOLIDE SOLUTION M.2<\/h1>\n<h2>Dual M.2 pour SSD, prise en charge du standard M.2 22110<\/h2>\n<h3 class=\"Context\">Pr\u00eate pour accueillir des SSDs NVMe M.2 Type 22110 pour r\u00e9pondre \u00e0 tous les besoins en mati\u00e8re de performance. Le socket Hyper M.2 prend en charge le standard PCIe Gen4 x4 et le socket M.2 est compatible avec les p\u00e9riph\u00e9riques PCIE Gen3 x2 et SATA3.<\/h3>\n<h2>M.2 Armors<\/h2>\n<h3 class=\"Context\">Une bonne protection des SSDs M.2 est indispensable pour garantir leur long\u00e9vit\u00e9 et leur stabilit\u00e9. ASRock propose une solution de protection M.2 qui permet aux SSDs de conserver une temp\u00e9rature de fonctionnement la plus basse possible.<\/h3>\n<p><img loading=\"lazy\" decoding=\"async\" class=\"alignnone size-full wp-image-3305\" src=\"https:\/\/datazonesystems.dz\/shop\/wp-content\/uploads\/2019\/08\/DualM2-SSD-B550M-Pro4.jpg\" alt=\"\" width=\"1920\" height=\"808\" srcset=\"https:\/\/datazonesystems.dz\/shop\/wp-content\/uploads\/2019\/08\/DualM2-SSD-B550M-Pro4.jpg 1920w, https:\/\/datazonesystems.dz\/shop\/wp-content\/uploads\/2019\/08\/DualM2-SSD-B550M-Pro4-1024x431.jpg 1024w, https:\/\/datazonesystems.dz\/shop\/wp-content\/uploads\/2019\/08\/DualM2-SSD-B550M-Pro4-768x323.jpg 768w, https:\/\/datazonesystems.dz\/shop\/wp-content\/uploads\/2019\/08\/DualM2-SSD-B550M-Pro4-1536x646.jpg 1536w, https:\/\/datazonesystems.dz\/shop\/wp-content\/uploads\/2019\/08\/DualM2-SSD-B550M-Pro4-640x269.jpg 640w, https:\/\/datazonesystems.dz\/shop\/wp-content\/uploads\/2019\/08\/DualM2-SSD-B550M-Pro4-400x168.jpg 400w, https:\/\/datazonesystems.dz\/shop\/wp-content\/uploads\/2019\/08\/DualM2-SSD-B550M-Pro4-600x253.jpg 600w\" sizes=\"auto, (max-width: 1920px) 100vw, 1920px\" \/><\/p>\n<div id=\"ReinSteelSlot\" class=\"BigFeature BigFeatureWide \">\n<div class=\"wide-70-1\">\n<h1>Reinforced Steel Slot [PCIe 4.0 Version]<\/h1>\n<h3 class=\"Context\">The reinforced steel slot comes with the next generation PCI Express 4.0 standard. The various benefits include:<br \/>\n\u2714 Extra anchor points<br \/>\n\u2714 Stronger latch<br \/>\n\u2714 Ensure signal stability<br \/>\n\u2714 Make sure heavy graphics cards to be well-installed.<\/h3>\n<p><img loading=\"lazy\" decoding=\"async\" class=\"alignnone size-full wp-image-3306\" src=\"https:\/\/datazonesystems.dz\/shop\/wp-content\/uploads\/2019\/08\/PCIeSteel-B550M-Pro4.jpg\" alt=\"\" width=\"1920\" height=\"900\" srcset=\"https:\/\/datazonesystems.dz\/shop\/wp-content\/uploads\/2019\/08\/PCIeSteel-B550M-Pro4.jpg 1920w, https:\/\/datazonesystems.dz\/shop\/wp-content\/uploads\/2019\/08\/PCIeSteel-B550M-Pro4-1024x480.jpg 1024w, https:\/\/datazonesystems.dz\/shop\/wp-content\/uploads\/2019\/08\/PCIeSteel-B550M-Pro4-768x360.jpg 768w, https:\/\/datazonesystems.dz\/shop\/wp-content\/uploads\/2019\/08\/PCIeSteel-B550M-Pro4-1536x720.jpg 1536w, https:\/\/datazonesystems.dz\/shop\/wp-content\/uploads\/2019\/08\/PCIeSteel-B550M-Pro4-640x300.jpg 640w, https:\/\/datazonesystems.dz\/shop\/wp-content\/uploads\/2019\/08\/PCIeSteel-B550M-Pro4-400x188.jpg 400w, https:\/\/datazonesystems.dz\/shop\/wp-content\/uploads\/2019\/08\/PCIeSteel-B550M-Pro4-600x281.jpg 600w\" sizes=\"auto, (max-width: 1920px) 100vw, 1920px\" \/><\/p>\n<h1>Dual USB 3.2 Gen2 (Type-A + Type-C)<\/h1>\n<h3 class=\"Context\">Paire de connecteurs USB 3.2 Gen2 Type A et Type C pour des transferts de donn\u00e9es jusqu&#8217;\u00e0 10Gbps<\/h3>\n<p><img loading=\"lazy\" decoding=\"async\" class=\"alignnone size-full wp-image-3307\" src=\"https:\/\/datazonesystems.dz\/shop\/wp-content\/uploads\/2019\/08\/USB32GEN2.jpg\" alt=\"\" width=\"1920\" height=\"800\" srcset=\"https:\/\/datazonesystems.dz\/shop\/wp-content\/uploads\/2019\/08\/USB32GEN2.jpg 1920w, https:\/\/datazonesystems.dz\/shop\/wp-content\/uploads\/2019\/08\/USB32GEN2-1024x427.jpg 1024w, https:\/\/datazonesystems.dz\/shop\/wp-content\/uploads\/2019\/08\/USB32GEN2-768x320.jpg 768w, https:\/\/datazonesystems.dz\/shop\/wp-content\/uploads\/2019\/08\/USB32GEN2-1536x640.jpg 1536w, https:\/\/datazonesystems.dz\/shop\/wp-content\/uploads\/2019\/08\/USB32GEN2-640x267.jpg 640w, https:\/\/datazonesystems.dz\/shop\/wp-content\/uploads\/2019\/08\/USB32GEN2-400x167.jpg 400w, https:\/\/datazonesystems.dz\/shop\/wp-content\/uploads\/2019\/08\/USB32GEN2-600x250.jpg 600w\" sizes=\"auto, (max-width: 1920px) 100vw, 1920px\" \/><\/p>\n<div class=\"BigFeature FeatureRight\">\n<h1>M.2 (KEY E) For WiFi<\/h1>\n<div class=\"Context\">\n<h3>En marge du port LAN disponible, les utilisateurs peuvent opter pour une connexion sans-fil 802.11ac via le slot M.2 (Key E).<\/h3>\n<h5 class=\"Remark\">*Module Wi-Fi non fourni.<\/h5>\n<p><img loading=\"lazy\" decoding=\"async\" class=\"alignnone size-full wp-image-3309\" src=\"https:\/\/datazonesystems.dz\/shop\/wp-content\/uploads\/2019\/08\/M.2-Key-For-WiFi.jpg\" alt=\"\" width=\"1920\" height=\"650\" srcset=\"https:\/\/datazonesystems.dz\/shop\/wp-content\/uploads\/2019\/08\/M.2-Key-For-WiFi.jpg 1920w, https:\/\/datazonesystems.dz\/shop\/wp-content\/uploads\/2019\/08\/M.2-Key-For-WiFi-1024x347.jpg 1024w, https:\/\/datazonesystems.dz\/shop\/wp-content\/uploads\/2019\/08\/M.2-Key-For-WiFi-768x260.jpg 768w, https:\/\/datazonesystems.dz\/shop\/wp-content\/uploads\/2019\/08\/M.2-Key-For-WiFi-1536x520.jpg 1536w, https:\/\/datazonesystems.dz\/shop\/wp-content\/uploads\/2019\/08\/M.2-Key-For-WiFi-640x217.jpg 640w, https:\/\/datazonesystems.dz\/shop\/wp-content\/uploads\/2019\/08\/M.2-Key-For-WiFi-400x135.jpg 400w, https:\/\/datazonesystems.dz\/shop\/wp-content\/uploads\/2019\/08\/M.2-Key-For-WiFi-600x203.jpg 600w\" sizes=\"auto, (max-width: 1920px) 100vw, 1920px\" \/><\/p>\n<div class=\"BigFeature FeatureRight\">\n<h1>Post Status Checker<\/h1>\n<h3 class=\"Context\">Un outil de d\u00e9pannage accessible qui affiche le fonctionnement du processeur, de la m\u00e9moire, de la carte graphique ainsi que la s\u00e9quence de d\u00e9marrage \u00e0 chaque lancement du syst\u00e8me. Post Status Checker est le moyen le plus rapide et le plus efficace pour identifier la source d\u2019un probl\u00e8me.<\/h3>\n<p><img loading=\"lazy\" decoding=\"async\" class=\"alignnone size-full wp-image-3310\" src=\"https:\/\/datazonesystems.dz\/shop\/wp-content\/uploads\/2019\/08\/StatusLED-B550M-Pro4.jpg\" alt=\"\" width=\"1920\" height=\"500\" srcset=\"https:\/\/datazonesystems.dz\/shop\/wp-content\/uploads\/2019\/08\/StatusLED-B550M-Pro4.jpg 1920w, https:\/\/datazonesystems.dz\/shop\/wp-content\/uploads\/2019\/08\/StatusLED-B550M-Pro4-1024x267.jpg 1024w, https:\/\/datazonesystems.dz\/shop\/wp-content\/uploads\/2019\/08\/StatusLED-B550M-Pro4-768x200.jpg 768w, https:\/\/datazonesystems.dz\/shop\/wp-content\/uploads\/2019\/08\/StatusLED-B550M-Pro4-1536x400.jpg 1536w, https:\/\/datazonesystems.dz\/shop\/wp-content\/uploads\/2019\/08\/StatusLED-B550M-Pro4-640x167.jpg 640w, https:\/\/datazonesystems.dz\/shop\/wp-content\/uploads\/2019\/08\/StatusLED-B550M-Pro4-400x104.jpg 400w, https:\/\/datazonesystems.dz\/shop\/wp-content\/uploads\/2019\/08\/StatusLED-B550M-Pro4-600x156.jpg 600w\" sizes=\"auto, (max-width: 1920px) 100vw, 1920px\" \/><\/p>\n<\/div>\n<\/div>\n<\/div>\n<\/div>\n<\/div>\n<\/div>\n<\/div>\n<\/div>\n","protected":false},"excerpt":{"rendered":"<div id=\"briefDesc\">\n<ul>\n<li>Prise en charge des processeurs de bureau AMD Socket AM4 Ryzen\u2122 3000, 4000 G-Series et 5000 Series*<\/li>\n<li>8 phase de puissance, Digi Puissance<\/li>\n<li>Supporte DDR4 4733+ (OC)<\/li>\n<li>1 PCIe 4.0 x16, 1 PCIe 3.0 x16, 1 PCIe 3.0 x1, 1 M.2 Key E pour WiFi<\/li>\n<li>Sorties graphiques disponibles: HDMI, DisplayPort, D-Sub<\/li>\n<li>AMD CrossFireX\u2122<\/li>\n<li>l&#8217;audio 7.1 CH HD (Codec l&#8217;audio Realtek ALC1200), Nahimic l&#8217;audio<\/li>\n<li>6 SATA3, 1 Hyper M.2 (PCIe Gen4 x4), 1 M.2 (PCIe Gen3 x2 &amp; SATA3)<\/li>\n<li>2 USB 3.2 Gen2 (Type A \u00e0 l&#8217;arri\u00e8re+C), 8 USB 3.2 Gen1 (4 en fa\u00e7ade, 4 l&#8217;arri\u00e8re)<\/li>\n<li>Realtek LAN Gigabit\n<div class=\"Remark\">*Not Compatible avec tous les AMD Ryzen\u2122 5 3400G et Ryzen\u2122 3 3200G.<\/div>\n<\/li>\n<\/ul>\n<p><img loading=\"lazy\" decoding=\"async\" class=\"wp-image-3066 size-thumbnail alignright\" src=\"https:\/\/datazonesystems.dz\/shop\/wp-content\/uploads\/2021\/05\/ryzen-logo-1-150x150.png\" alt=\"\" width=\"150\" height=\"150\" \/><\/p>\n<p><img loading=\"lazy\" decoding=\"async\" class=\"wp-image-3058 size-thumbnail alignright\" src=\"https:\/\/datazonesystems.dz\/shop\/wp-content\/uploads\/2021\/05\/ASRock-logo-150x150.png\" alt=\"\" width=\"150\" height=\"150\" \/><\/p>\n<p><img loading=\"lazy\" decoding=\"async\" class=\"size-full wp-image-3267 alignright\" src=\"https:\/\/datazonesystems.dz\/shop\/wp-content\/uploads\/2021\/05\/PAIM-1.jpg\" alt=\"\" width=\"334\" height=\"151\" \/><\/p>\n<\/div>\n","protected":false},"featured_media":917,"comment_status":"open","ping_status":"closed","template":"","meta":[],"product_cat":[103,105,16,21],"product_tag":[],"class_list":["post-160","product","type-product","status-publish","has-post-thumbnail","hentry","product_cat-amd","product_cat-coin-asrock","product_cat-composants-pc","product_cat-carte-mere"],"_links":{"self":[{"href":"https:\/\/datazonesystems.dz\/shop\/wp-json\/wp\/v2\/product\/160","targetHints":{"allow":["GET"]}}],"collection":[{"href":"https:\/\/datazonesystems.dz\/shop\/wp-json\/wp\/v2\/product"}],"about":[{"href":"https:\/\/datazonesystems.dz\/shop\/wp-json\/wp\/v2\/types\/product"}],"replies":[{"embeddable":true,"href":"https:\/\/datazonesystems.dz\/shop\/wp-json\/wp\/v2\/comments?post=160"}],"wp:featuredmedia":[{"embeddable":true,"href":"https:\/\/datazonesystems.dz\/shop\/wp-json\/wp\/v2\/media\/917"}],"wp:attachment":[{"href":"https:\/\/datazonesystems.dz\/shop\/wp-json\/wp\/v2\/media?parent=160"}],"wp:term":[{"taxonomy":"product_cat","embeddable":true,"href":"https:\/\/datazonesystems.dz\/shop\/wp-json\/wp\/v2\/product_cat?post=160"},{"taxonomy":"product_tag","embeddable":true,"href":"https:\/\/datazonesystems.dz\/shop\/wp-json\/wp\/v2\/product_tag?post=160"}],"curies":[{"name":"wp","href":"https:\/\/api.w.org\/{rel}","templated":true}]}}