{"id":159,"date":"2021-03-19T23:00:04","date_gmt":"2021-03-19T22:00:04","guid":{"rendered":"http:\/\/sw-themes.com\/porto_dummy\/?post_type=product&#038;p=159"},"modified":"2026-03-26T14:10:04","modified_gmt":"2026-03-26T13:10:04","slug":"core-i5-10600k","status":"publish","type":"product","link":"https:\/\/datazonesystems.dz\/shop\/product\/core-i5-10600k\/","title":{"rendered":"Core i5-10600KF (4.1 GHz \/ 4.8 GHz)"},"content":{"rendered":"<h2 id=\"_ctl0_ContentPlaceHolder1_titre_desc\" class=\"titre_desc\">Processeur Intel Core i5-10600KF &#8211; 4.1GHz\/12Mo\/LGA1200\/Sans Ventilo.\/BOX<\/h2>\n<div id=\"_ctl0_ContentPlaceHolder1_seo_old\">\n<div id=\"_ctl0_ContentPlaceHolder1_lbl_desc_web\" class=\"fiche_strong\">\n<p class=\"p1\">Les 6 coeurs de ce processeur Intel Core i5-10600KF entreront dans une configuration gaming int\u00e9ressante avec des hautes fr\u00e9quences et la pr\u00e9sence de la technologie Turbo Boost 2.0 pour d\u00e9passer les limites.<\/p>\n<\/div>\n<\/div>\n","protected":false},"excerpt":{"rendered":"<p id=\"_ctl0_ContentPlaceHolder1_titre_carac\" class=\"fiche_strong_pcp titre-rubrique\"><strong><span id=\"caracteristiques-principales\">CARACT\u00c9RISTIQUES PRINCIPALES :<\/span><\/strong><\/p>\n<ul id=\"_ctl0_ContentPlaceHolder1_carac_liste\" class=\"carac_liste\" data-role=\"listview\">\n<li class=\"caracterisques_principales\">Gamme : Intel Core i5<\/li>\n<li class=\"caracterisques_principales\">Socket : Socket INTEL LGA1200<\/li>\n<li class=\"caracterisques_principales\">Utilisation : Gamer<\/li>\n<li class=\"caracterisques_principales\">Ventilateur : Non<\/li>\n<li class=\"caracterisques_principales\">Nombre de coeur : 6<\/li>\n<li class=\"caracterisques_principales\">M\u00e9moire Cache : 12Mo<\/li>\n<li class=\"caracterisques_principales\">Constructeur Processeur : Intel<\/li>\n<li class=\"caracterisques_principales\">\n<div>Fr\u00e9quences : de 4 \u00e0 4,49GHz<\/div>\n<\/li>\n<\/ul>\n","protected":false},"featured_media":503,"comment_status":"open","ping_status":"closed","template":"","meta":[],"product_cat":[102,101,16,20],"product_tag":[],"class_list":["post-159","product","type-product","status-publish","has-post-thumbnail","hentry","product_cat-intel","product_cat-special-offer","product_cat-composants-pc","product_cat-processeur"],"_links":{"self":[{"href":"https:\/\/datazonesystems.dz\/shop\/wp-json\/wp\/v2\/product\/159","targetHints":{"allow":["GET"]}}],"collection":[{"href":"https:\/\/datazonesystems.dz\/shop\/wp-json\/wp\/v2\/product"}],"about":[{"href":"https:\/\/datazonesystems.dz\/shop\/wp-json\/wp\/v2\/types\/product"}],"replies":[{"embeddable":true,"href":"https:\/\/datazonesystems.dz\/shop\/wp-json\/wp\/v2\/comments?post=159"}],"wp:featuredmedia":[{"embeddable":true,"href":"https:\/\/datazonesystems.dz\/shop\/wp-json\/wp\/v2\/media\/503"}],"wp:attachment":[{"href":"https:\/\/datazonesystems.dz\/shop\/wp-json\/wp\/v2\/media?parent=159"}],"wp:term":[{"taxonomy":"product_cat","embeddable":true,"href":"https:\/\/datazonesystems.dz\/shop\/wp-json\/wp\/v2\/product_cat?post=159"},{"taxonomy":"product_tag","embeddable":true,"href":"https:\/\/datazonesystems.dz\/shop\/wp-json\/wp\/v2\/product_tag?post=159"}],"curies":[{"name":"wp","href":"https:\/\/api.w.org\/{rel}","templated":true}]}}