{"id":158,"date":"2021-03-08T12:55:20","date_gmt":"2021-03-08T11:55:20","guid":{"rendered":"http:\/\/sw-themes.com\/porto_dummy\/?post_type=product&#038;p=158"},"modified":"2023-10-07T10:17:18","modified_gmt":"2023-10-07T09:17:18","slug":"a520m-hdv","status":"publish","type":"product","link":"https:\/\/datazonesystems.dz\/shop\/product\/a520m-hdv\/","title":{"rendered":"A520M-HDV"},"content":{"rendered":"<h2 class=\"h2-master\">ASRock A520M-HDV : con\u00e7ue pour le futur !<\/h2>\n<section>Bas\u00e9e sur le chipset<strong>\u00a0AMD A520<\/strong>, la carte m\u00e8re\u00a0<strong>ASRock A520M-HDV<\/strong><strong>\u00a0<\/strong>est con\u00e7ue pour accueillir les processeurs\u00a0<strong>AMD Ryzen<\/strong>\u00a0sur socket AM4 \u00e0 partir de la g\u00e9n\u00e9ration Zen 2. Elle permettra l&#8217;assemblage d&#8217;une<strong>\u00a0configuration multim\u00e9dia<\/strong>\u00a0ou\u00a0<strong>bureautique<\/strong>\u00a0performante et en conservant une taille r\u00e9duite. Gr\u00e2ce au support de\u00a0<strong>cartes graphique\u00a0PCI-Express 3.0 16x<\/strong>, des disques\u00a0<strong>SATA 6Gb\/s et M.2<\/strong>, de la m\u00e9moire vive\u00a0<strong>DDR4\u00a0<\/strong>et de la norme\u00a0<strong>USB 3.0<\/strong>, cette carte m\u00e8re dispose de tout le n\u00e9cessaire pour composer un PC \u00e9quilibr\u00e9 \u00e0 co\u00fbt raisonnable.<\/section>\n<section><\/section>\n<section><iframe loading=\"lazy\" title=\"ASRock A520 Motherboard Series --- DURABLE THINKING\" width=\"1140\" height=\"641\" src=\"https:\/\/www.youtube.com\/embed\/BBmr9Ts88XA?feature=oembed\" frameborder=\"0\" allow=\"accelerometer; autoplay; clipboard-write; encrypted-media; gyroscope; picture-in-picture\" allowfullscreen><\/iframe><\/p>\n<\/section>\n","protected":false},"excerpt":{"rendered":"<ul>\n<li>Prise en charge des processeurs AMD Socket AM4 Ryzen\u2122 3000, 4000 G-Series et 5000 Series*<\/li>\n<li>6 Phase Puissance Design<\/li>\n<li>Supporte DDR4 4733+ (OC)<\/li>\n<li>1 x PCIe 3.0 x16, 1 x PCIe 3.0 x1<\/li>\n<li>Sorties graphiques disponibles: D-Sub, DVI-D, HDMI<\/li>\n<li>l&#8217;audio 7.1 CH HD (Codec l&#8217;audio Realtek ALC887)<\/li>\n<li>4 x SATA3, 1 x Ultra M.2(Gen3 x4 &amp; SATA3)<\/li>\n<li>6 x USB 3.2 Gen1(4 x \u00e0 l&#8217;arri\u00e8re, 2 x fa\u00e7ade)<\/li>\n<li>6 x USB 2.0(2 x \u00e0 l&#8217;arri\u00e8re, 4 x fa\u00e7ade)<\/li>\n<li>Realtek LAN Gigabit<\/li>\n<li>*Not Compatible avec tous les AMD Ryzen\u2122 5 3400G et Ryzen\u2122 3 3200G.<\/li>\n<\/ul>\n<p><img loading=\"lazy\" decoding=\"async\" class=\"wp-image-3066 size-thumbnail alignright\" src=\"https:\/\/datazonesystems.dz\/shop\/wp-content\/uploads\/2021\/05\/ryzen-logo-1-150x150.png\" alt=\"\" width=\"150\" height=\"150\" \/><\/p>\n<p><img loading=\"lazy\" decoding=\"async\" class=\"wp-image-3058 size-thumbnail alignright\" src=\"https:\/\/datazonesystems.dz\/shop\/wp-content\/uploads\/2021\/05\/ASRock-logo-150x150.png\" alt=\"\" width=\"150\" height=\"150\" \/><\/p>\n<p><img loading=\"lazy\" decoding=\"async\" class=\"wp-image-3284 size-medium alignright\" src=\"https:\/\/datazonesystems.dz\/shop\/wp-content\/uploads\/2019\/08\/BIMD-300x132.png\" alt=\"\" width=\"300\" height=\"132\" \/><\/p>\n","protected":false},"featured_media":506,"comment_status":"open","ping_status":"closed","template":"","meta":[],"product_cat":[103,105,16,21],"product_tag":[],"class_list":["post-158","product","type-product","status-publish","has-post-thumbnail","hentry","product_cat-amd","product_cat-coin-asrock","product_cat-composants-pc","product_cat-carte-mere"],"_links":{"self":[{"href":"https:\/\/datazonesystems.dz\/shop\/wp-json\/wp\/v2\/product\/158","targetHints":{"allow":["GET"]}}],"collection":[{"href":"https:\/\/datazonesystems.dz\/shop\/wp-json\/wp\/v2\/product"}],"about":[{"href":"https:\/\/datazonesystems.dz\/shop\/wp-json\/wp\/v2\/types\/product"}],"replies":[{"embeddable":true,"href":"https:\/\/datazonesystems.dz\/shop\/wp-json\/wp\/v2\/comments?post=158"}],"wp:featuredmedia":[{"embeddable":true,"href":"https:\/\/datazonesystems.dz\/shop\/wp-json\/wp\/v2\/media\/506"}],"wp:attachment":[{"href":"https:\/\/datazonesystems.dz\/shop\/wp-json\/wp\/v2\/media?parent=158"}],"wp:term":[{"taxonomy":"product_cat","embeddable":true,"href":"https:\/\/datazonesystems.dz\/shop\/wp-json\/wp\/v2\/product_cat?post=158"},{"taxonomy":"product_tag","embeddable":true,"href":"https:\/\/datazonesystems.dz\/shop\/wp-json\/wp\/v2\/product_tag?post=158"}],"curies":[{"name":"wp","href":"https:\/\/api.w.org\/{rel}","templated":true}]}}