{"id":154,"date":"2021-03-08T12:50:29","date_gmt":"2021-03-08T11:50:29","guid":{"rendered":"http:\/\/sw-themes.com\/porto_dummy\/?post_type=product&#038;p=154"},"modified":"2023-10-07T10:17:59","modified_gmt":"2023-10-07T09:17:59","slug":"asrock-b550m-steel-legend","status":"publish","type":"product","link":"https:\/\/datazonesystems.dz\/shop\/product\/asrock-b550m-steel-legend\/","title":{"rendered":"ASRock B550M Steel Legend"},"content":{"rendered":"<h1 class=\"h2-master\">Performances Gaming et design unique<\/h1>\n<h3 class=\"h2-master\">La\u00a0<strong>carte m\u00e8re ASRock B550M Steel Legend<\/strong><strong>\u00a0<\/strong>est con\u00e7ue pour accueillir les\u00a0<strong>processeurs AMD Ryzen 3\u00e8me g\u00e9n\u00e9ration\u00a0<\/strong>sur<strong>\u00a0socket AM4<\/strong>. Elle permettra l&#8217;assemblage d&#8217;une configuration puissante et polyvalente capable de s&#8217;acquitter de toutes les t\u00e2ches. Gaming, Streaming, multit\u00e2che intensif, cr\u00e9ation multim\u00e9dia, c&#8217;est la solution id\u00e9ale pour concevoir un\u00a0<strong>PC haut de gamme ultra-performant<\/strong>. Elle prend en outre en charge la<strong>\u00a0RAM DDR4<\/strong>, les\u00a0<strong>cartes graphiques PCI-Express 3.0 16x<\/strong>, les\u00a0<strong>disques SATA 6 Gb\/s<\/strong>\u00a0et\u00a0<strong>M.2 PCI-E NVMe<\/strong>\u00a0et les\u00a0<strong>p\u00e9riph\u00e9riques USB 3.0\u00a0<\/strong>et\u00a0<strong>USB 3.1<\/strong>.Les\u00a0<strong>cartes m\u00e8res ASRock Steel Legend\u00a0<\/strong>allient design et efficacit\u00e9. Gr\u00e2ce \u00e0 des composants fiables et \u00e0 une gestion thermique am\u00e9lior\u00e9e, elles d\u00e9livrent des performances constantes \u00e0 long terme et se montrent d&#8217;une efficacit\u00e9 redoutable.<\/h3>\n<p><img loading=\"lazy\" decoding=\"async\" class=\"aligncenter size-medium\" src=\"https:\/\/www.asrock.com\/mb\/features\/Keyimage-B550ReadyforRyzen.jpg\" width=\"1920\" height=\"700\" \/><img loading=\"lazy\" decoding=\"async\" class=\"aligncenter size-medium\" src=\"https:\/\/www.asrock.com\/mb\/features\/B550M%20Steel%20Legend-1.jpg\" width=\"2250\" height=\"1275\" \/><img loading=\"lazy\" decoding=\"async\" class=\"aligncenter size-medium\" src=\"https:\/\/www.asrock.com\/mb\/features\/B550M%20Steel%20Legend-2.jpg\" width=\"2250\" height=\"1275\" \/><img loading=\"lazy\" decoding=\"async\" class=\"aligncenter size-medium\" src=\"https:\/\/www.asrock.com\/mb\/features\/B550M%20Steel%20Legend-3.jpg\" width=\"2250\" height=\"1275\" \/><\/p>\n","protected":false},"excerpt":{"rendered":"<ul>\n<li>Supports AMD AM4 Socket Ryzen\u2122 3000, 4000 G-Series and 5000 Series Desktop Processors*<\/li>\n<li>10 Power Phase Design, Dr. MOS<\/li>\n<li>Supports DDR4 4733+ (OC)<\/li>\n<li>1 PCIe 4.0 x16, 1 PCIe 3.0 x16, 1 PCIe 3.0 x1, 1 M.2 Key E for WiFi<\/li>\n<li>Graphics Output Options: HDMI, DisplayPort<\/li>\n<li>AMD CrossFireX\u2122<\/li>\n<li>7.1 CH HD Audio (Realtek ALC1200 Audio Codec), Nahimic Audio<\/li>\n<li>6 SATA3, 1 Hyper M.2 (PCIe Gen4 x4), 1 M.2 (PCIe Gen3 x2 &amp; SATA3)<\/li>\n<li>2 USB 3.2 Gen2 (Rear Type A+C), 8 USB 3.2 Gen1 (4 Front, 4 Rear)<\/li>\n<li>Dragon 2.5G LAN\n<div class=\"Remark\">*Not compatible with AMD Ryzen\u2122 5 3400G and Ryzen\u2122 3 3200G.<\/div>\n<\/li>\n<\/ul>\n<p><img loading=\"lazy\" decoding=\"async\" class=\"wp-image-3058 size-thumbnail alignright\" src=\"https:\/\/datazonesystems.dz\/shop\/wp-content\/uploads\/2021\/05\/ASRock-logo-150x150.png\" alt=\"\" width=\"150\" height=\"150\" \/><\/p>\n<p><img loading=\"lazy\" decoding=\"async\" class=\"wp-image-3066 size-thumbnail alignright\" src=\"https:\/\/datazonesystems.dz\/shop\/wp-content\/uploads\/2021\/05\/ryzen-logo-1-150x150.png\" alt=\"\" width=\"150\" height=\"150\" \/><\/p>\n<p><img loading=\"lazy\" decoding=\"async\" class=\"size-full wp-image-3284 alignright\" src=\"https:\/\/datazonesystems.dz\/shop\/wp-content\/uploads\/2019\/08\/BIMD.png\" alt=\"\" width=\"344\" height=\"151\" \/><\/p>\n","protected":false},"featured_media":518,"comment_status":"open","ping_status":"closed","template":"","meta":[],"product_cat":[103,105,16,21],"product_tag":[],"class_list":["post-154","product","type-product","status-publish","has-post-thumbnail","hentry","product_cat-amd","product_cat-coin-asrock","product_cat-composants-pc","product_cat-carte-mere"],"_links":{"self":[{"href":"https:\/\/datazonesystems.dz\/shop\/wp-json\/wp\/v2\/product\/154","targetHints":{"allow":["GET"]}}],"collection":[{"href":"https:\/\/datazonesystems.dz\/shop\/wp-json\/wp\/v2\/product"}],"about":[{"href":"https:\/\/datazonesystems.dz\/shop\/wp-json\/wp\/v2\/types\/product"}],"replies":[{"embeddable":true,"href":"https:\/\/datazonesystems.dz\/shop\/wp-json\/wp\/v2\/comments?post=154"}],"wp:featuredmedia":[{"embeddable":true,"href":"https:\/\/datazonesystems.dz\/shop\/wp-json\/wp\/v2\/media\/518"}],"wp:attachment":[{"href":"https:\/\/datazonesystems.dz\/shop\/wp-json\/wp\/v2\/media?parent=154"}],"wp:term":[{"taxonomy":"product_cat","embeddable":true,"href":"https:\/\/datazonesystems.dz\/shop\/wp-json\/wp\/v2\/product_cat?post=154"},{"taxonomy":"product_tag","embeddable":true,"href":"https:\/\/datazonesystems.dz\/shop\/wp-json\/wp\/v2\/product_tag?post=154"}],"curies":[{"name":"wp","href":"https:\/\/api.w.org\/{rel}","templated":true}]}}